{"id":604,"date":"2019-08-26T10:01:13","date_gmt":"2019-08-26T08:01:13","guid":{"rendered":"http:\/\/localhost:8888\/CEBA%20CONSULTING\/?page_id=604"},"modified":"2019-08-28T10:11:06","modified_gmt":"2019-08-28T08:11:06","slug":"mentions-legales","status":"publish","type":"page","link":"https:\/\/www.cebaconsulting.com\/index.php\/mentions-legales\/","title":{"rendered":"mentions legales"},"content":{"rendered":"<p>[et_pb_section fb_built=&#8221;1&#8243; _builder_version=&#8221;3.26.6&#8243; border_color_all=&#8221;#ffffff&#8221; border_width_bottom=&#8221;1px&#8221; box_shadow_style=&#8221;preset3&#8243; box_shadow_vertical=&#8221;9px&#8221; box_shadow_blur=&#8221;8px&#8221; box_shadow_spread=&#8221;-12px&#8221; min_height=&#8221;43px&#8221; custom_padding=&#8221;0px||0px|||&#8221; top_divider_color=&#8221;#e09900&#8243; top_divider_arrangement=&#8221;above_content&#8221; fb_built=&#8221;1&#8243; _i=&#8221;0&#8243; _address=&#8221;0&#8243;][et_pb_row column_structure=&#8221;2_5,3_5&#8243; _builder_version=&#8221;3.26.6&#8243; _i=&#8221;0&#8243; _address=&#8221;0.0&#8243;][et_pb_column type=&#8221;2_5&#8243; _builder_version=&#8221;3.26.6&#8243; _i=&#8221;0&#8243; _address=&#8221;0.0.0&#8243;][et_pb_image src=&#8221;https:\/\/www.cebaconsulting.com\/wp-content\/uploads\/2019\/07\/LOGO228x78.png&#8221; url=&#8221;https:\/\/www.cebaconsulting.com\/&#8221; _builder_version=&#8221;3.26.6&#8243; width=&#8221;45%&#8221; max_height=&#8221;1000px&#8221; _i=&#8221;0&#8243; _address=&#8221;0.0.0.0&#8243;][\/et_pb_image][\/et_pb_column][et_pb_column type=&#8221;3_5&#8243; _builder_version=&#8221;3.26.6&#8243; _i=&#8221;1&#8243; _address=&#8221;0.0.1&#8243;][\/et_pb_column][\/et_pb_row][\/et_pb_section][et_pb_section fb_built=&#8221;1&#8243; admin_label=&#8221;section&#8221; _builder_version=&#8221;3.26.6&#8243; border_color_all=&#8221;#ffffff&#8221; border_style_all=&#8221;none&#8221; custom_padding=&#8221;0px|||||&#8221; fb_built=&#8221;1&#8243; _i=&#8221;1&#8243; _address=&#8221;1&#8243;][et_pb_row column_structure=&#8221;1_2,1_2&#8243; admin_label=&#8221;row&#8221; _builder_version=&#8221;3.25&#8243; background_size=&#8221;initial&#8221; background_position=&#8221;top_left&#8221; background_repeat=&#8221;repeat&#8221; _i=&#8221;0&#8243; _address=&#8221;1.0&#8243;][et_pb_column type=&#8221;1_2&#8243; _builder_version=&#8221;3.25&#8243; custom_padding=&#8221;|||&#8221; custom_padding__hover=&#8221;|||&#8221; _i=&#8221;0&#8243; _address=&#8221;1.0.0&#8243;][et_pb_text admin_label=&#8221;Text&#8221; _builder_version=&#8221;3.27.1&#8243; background_size=&#8221;initial&#8221; background_position=&#8221;top_left&#8221; background_repeat=&#8221;repeat&#8221; hover_enabled=&#8221;0&#8243; _i=&#8221;0&#8243; _address=&#8221;1.0.0.0&#8243;]<\/p>\n<p><span style=\"color: #333333; font-size: 26px;\">Mentions l\u00e9gales<\/span><\/p>\n<p><strong>1. Pr\u00e9sentation du site :<br \/><\/strong>Conform\u00e9ment aux dispositions des articles 6-III et 19 de la Loi n\u00b0 2004-575 du 21 juin 2004 pour la Confiance dans l\u2019\u00e9conomie num\u00e9rique, dite L.C.E.N., nous portons \u00e0 la connaissance des utilisateurs et visiteurs du site :<span> <a href=\"https:\/\/www.cebaconsulting.com\/\">cebaconsulting.com\u00a0<\/a><\/span>les informations suivantes\u00a0<\/p>\n<p><strong>Informations l\u00e9gales :<br \/><\/strong>Statut du propri\u00e9taire :<span>\u00a0<\/span><strong>Soci\u00e9t\u00e9 par actions simplifi\u00e9e (Societ\u00e9 \u00e0 associ\u00e9 unique)<\/strong><br \/>Nom de la Soci\u00e9t\u00e9 :<strong><span>\u00a0<\/span>CEBA CONSULTING<\/strong><br \/>Adresse :<span> <strong>148 rue de l&#8217;Universit\u00e9 75007 Paris<\/strong><\/span><br \/>Au Capital de :<strong><span> 6 000<\/span>\u00a0\u20ac<\/strong><br \/>SIRET :\u00a0<span> <strong>808 037 386 00014<\/strong><\/span><strong>\u00a0\u00a0<span>\u00a0<\/span><\/strong>R.C.S. Paris :<strong><span> 808 037 386<\/span><\/strong><br \/>Num\u00e9ro TVA intracommunautaire :<span>\u00a0<\/span><span style=\"background-color: #ffffff; font-size: 14px; font-weight: bold;\"><span style=\"font-size: 14px;\">Fr 11<\/span><\/span><span style=\"background-color: #ffffff; font-size: 14px;\">\u00a0<strong>808037386<\/strong><\/span><\/p>\n<p>Le Cr\u00e9ateur du site est :<span>\u00a0<\/span><strong>Mara Mazzanti<\/strong><br \/>Le Responsable de la\u00a0 publication est :<span><strong>\u00a0Christina Xiaoqun BEAUFILS<\/strong><\/span><br \/>Contactez le responsable de la publication :<span> <strong>contact@cebacosnsulting.com<\/strong><\/span><br \/>Le responsable de la publication est une\u00a0<strong>personne morale<\/strong><\/p>\n<p><span style=\"font-size: 14px;\">Le Webmaster est\u00a0 :<\/span><span style=\"font-size: 14px;\">\u00a0<\/span><strong style=\"font-size: 14px;\">Mara Mazzanti<\/strong><br \/>L\u2019hebergeur du site est :<span>\u00a0<\/span><strong>OVH 2 rue Kellermann 59100 Roubaix<\/strong><\/p>\n<p>\u00a0<strong style=\"font-size: 14px;\">2. Description des services fournis :<\/strong><\/p>\n<p><span style=\"font-size: 14px;\">Le site<\/span><span style=\"font-size: 14px;\">\u00a0<\/span><a href=\"https:\/\/www.cebaconsulting.com\/\" style=\"font-size: 14px;\">cebaconsulting.com\u00a0<\/a><span style=\"font-size: 14px;\">a pour objet de fournir une information concernant l\u2019ensemble des activit\u00e9s de la soci\u00e9t\u00e9.<\/span><\/p>\n<p>Le proprietaire du site s\u2019efforce de fournir sur le site<span> <a href=\"https:\/\/www.cebaconsulting.com\/\">cebaconsulting.com<\/a>\u00a0<\/span>des informations aussi pr\u00e9cises que possible. Toutefois, il ne pourra \u00eatre tenue responsable des omissions, des inexactitudes et des carences dans la mise \u00e0 jour, qu\u2019elles soient de son fait ou du fait des tiers partenaires qui lui fournissent ces informations.<br \/>Tous les informations propos\u00e9es sur le site\u00a0<span><a href=\"https:\/\/www.cebaconsulting.com\/\">cebaconsulting.com<\/a>\u00a0<\/span>sont donn\u00e9es \u00e0 titre indicatif, sont non exhaustives, et sont susceptibles d\u2019\u00e9voluer. Elles sont donn\u00e9es sous r\u00e9serve de modifications ayant \u00e9t\u00e9 apport\u00e9es depuis leur mise en ligne.<\/p>\n<p><strong>3. Propri\u00e9t\u00e9 intellectuelle et contrefa\u00e7ons :<\/strong><\/p>\n<p>Le proprietaire du site est propri\u00e9taire des droits de propri\u00e9t\u00e9 intellectuelle ou d\u00e9tient les droits d\u2019usage sur tous les \u00e9l\u00e9ments accessibles sur le site, notamment les textes, images, graphismes, logo, ic\u00f4nes, sons, logiciels\u2026<br \/>Toute reproduction, repr\u00e9sentation, modification, publication, adaptation totale ou partielle des \u00e9l\u00e9ments du site, quel que soit le moyen ou le proc\u00e9d\u00e9 utilis\u00e9, est interdite, sauf autorisation \u00e9crite pr\u00e9alable \u00e0 l\u2019email :\u00a0<a href=\"mailto:mazzanti.mara@gmail.com?subject=Contact%20%C3%AF%C2%BF%C2%BD%20partir%20des%20mentions%20l%C3%AF%C2%BF%C2%BDgales%20via%20le%20site%20immobiliere-beryl.fr\"><strong>contact@<span><\/span><\/strong><\/a><strong><a href=\"https:\/\/www.cebaconsulting.com\/\">cebaconsulting.com<\/a><\/strong>.<br \/>Toute exploitation non autoris\u00e9e du site ou de l\u2019un quelconque de ces \u00e9l\u00e9ments qu\u2019il contient sera consid\u00e9r\u00e9e comme constitutive d\u2019une contrefa\u00e7on et poursuivie conform\u00e9ment aux dispositions des articles L.335-2 et suivants du Code de Propri\u00e9t\u00e9 Intellectuelle.<\/p>\n<p><strong>4. Liens hypertextes et cookies :<\/strong><\/p>\n<p>Le site\u00a0<span><a href=\"https:\/\/www.cebaconsulting.com\/\">cebaconsulting.com<\/a>\u00a0<\/span>contient un certain nombre de liens hypertextes vers d\u2019autres sites (partenaires, informations \u2026) mis en place avec l\u2019autorisation de le proprietaire du site . Cependant, le proprietaire du site n\u2019a pas la possibilit\u00e9 de v\u00e9rifier le contenu des sites ainsi visit\u00e9s\u00a0 et d\u00e9cline donc toute responsabilit\u00e9 de ce fait quand aux risques \u00e9ventuels de contenus illicites.<\/p>\n<p>L\u2019utilisateur est inform\u00e9 que lors de ses visites sur le site<span> <a href=\"https:\/\/www.cebaconsulting.com\/\">cebaconsulting.com<\/a><\/span>, un ou des cookies sont susceptible de s\u2019installer automatiquement sur son ordinateur. Un cookie est un fichier de petite taille, qui ne permet pas l\u2019identification de l\u2019utilisateur, mais qui enregistre des informations relatives \u00e0 la navigation d\u2019un ordinateur sur un site. Les donn\u00e9es ainsi obtenues visent \u00e0 faciliter la navigation ult\u00e9rieure sur le site, et ont \u00e9galement vocation \u00e0 permettre diverses mesures de fr\u00e9quentation.<\/p>\n<p><span style=\"font-size: 14px;\">Le param\u00e9trage du logiciel de navigation permet d\u2019informer de la pr\u00e9sence de cookie et \u00e9ventuellement, de refuser de la mani\u00e8re d\u00e9crite \u00e0 l\u2019adresse suivante : www.cnil.fr<\/span><\/p>\n<p>Le refus d\u2019installation d\u2019un cookie peut entra\u00eener l\u2019impossibilit\u00e9 d\u2019acc\u00e9der \u00e0 certains services. L\u2019utilisateur peut toutefois configurer son ordinateur de la mani\u00e8re suivante, pour refuser l\u2019installation des cookies :<br \/>Sous Internet Explorer : onglet outil \/ options internet. Cliquez sur Confidentialit\u00e9 et choisissez Bloquer tous les cookies. Validez sur Ok.<br \/>Sous Netscape : onglet \u00e9dition \/ pr\u00e9f\u00e9rences. Cliquez sur Avanc\u00e9es et choisissez D\u00e9sactiver les cookies. Validez sur Ok.<\/p>\n<p><strong>5. Protection des biens et des personnes \u2013 gestion des donn\u00e9es personnelles :\u00a0<\/strong>Utilisateur : Internaute se connectant, utilisant le site susnomm\u00e9 :<span>\u00a0<\/span><a href=\"https:\/\/www.cebaconsulting.com\/\">cebaconsulting.com<\/a><br \/>En France, les donn\u00e9es personnelles sont notamment prot\u00e9g\u00e9es par la loi n\u00b0 78-87 du 6 janvier 1978, la loi n\u00b0 2004-801 du 6 ao\u00fbt 2004, l\u2019article L. 226-13 du Code p\u00e9nal et la Directive Europ\u00e9enne du 24 octobre 1995.<\/p>\n<p>Sur le site<span> <a href=\"https:\/\/www.cebaconsulting.com\/\">cebaconsulting.com<\/a>,<\/span>\u00a0le proprietaire du site ne collecte des informations personnelles relatives \u00e0 l\u2019utilisateur que pour le besoin de certains services propos\u00e9s par le site<span> <a href=\"https:\/\/www.cebaconsulting.com\/\">cebaconsulting.com<\/a><\/span>. L\u2019utilisateur fournit ces informations en toute connaissance de cause, notamment lorsqu\u2019il proc\u00e8de par lui-m\u00eame \u00e0 leur saisie. Il est alors pr\u00e9cis\u00e9 \u00e0 l\u2019utilisateur du site<span> <a href=\"https:\/\/www.cebaconsulting.com\/\">cebaconsulting.com<\/a><\/span><span>\u00a0<\/span>l\u2019obligation ou non de fournir ces informations.<br \/>Conform\u00e9ment aux dispositions des articles 38 et suivants de la loi 78-17 du 6 janvier 1978 relative \u00e0 l\u2019informatique, aux fichiers et aux libert\u00e9s, tout utilisateur dispose d\u2019un droit d\u2019acc\u00e8s, de rectification, de suppression et d\u2019opposition aux donn\u00e9es personnelles le concernant. Pour l\u2019exercer, adressez votre demande \u00e0<span> <a href=\"https:\/\/www.cebaconsulting.com\/\">cebaconsulting.com<\/a>\u00a0<\/span>par email : email du webmaster ou\u00a0 en effectuant sa demande \u00e9crite et sign\u00e9e, accompagn\u00e9e d\u2019une copie du titre d\u2019identit\u00e9 avec signature du titulaire de la pi\u00e8ce, en pr\u00e9cisant l\u2019adresse \u00e0 laquelle la r\u00e9ponse doit \u00eatre envoy\u00e9e.<\/p>\n<p>Aucune information personnelle de l\u2019utilisateur du site\u00a0<span><a href=\"https:\/\/www.cebaconsulting.com\/\">cebaconsulting.com<\/a><\/span><a href=\"http:\/\/immobiliere-beryl.fr\/\" target=\"_blank\" rel=\"noopener noreferrer\"><\/a><span>\u00a0<\/span>n\u2019est publi\u00e9e \u00e0 l\u2019insu de l\u2019utilisateur, \u00e9chang\u00e9e, transf\u00e9r\u00e9e, c\u00e9d\u00e9e ou vendue sur un support quelconque \u00e0 des tiers. Seule l\u2019hypoth\u00e8se du rachat du site<span> <a href=\"https:\/\/www.cebaconsulting.com\/\">cebaconsulting.com<\/a>\u00a0<\/span>\u00e0 le proprietaire du site et de ses droits permettrait la transmission des dites informations \u00e0 l\u2019\u00e9ventuel acqu\u00e9reur qui serait \u00e0 son tour tenu de la m\u00eame obligation de conservation et de modification des donn\u00e9es vis \u00e0 vis de l\u2019utilisateur du site\u00a0<span><a href=\"https:\/\/www.cebaconsulting.com\/\">cebaconsulting.com<\/a><\/span><\/p>\n<p>Les bases de donn\u00e9es sont prot\u00e9g\u00e9es par les dispositions de la loi du 1er juillet 1998 transposant la directive 96\/9 du 11 mars 1996 relative \u00e0 la protection juridique des bases de donn\u00e9es.<\/p>\n<p>[\/et_pb_text][\/et_pb_column][et_pb_column type=&#8221;1_2&#8243; _builder_version=&#8221;3.25&#8243; custom_padding=&#8221;|||&#8221; custom_padding__hover=&#8221;|||&#8221; _i=&#8221;1&#8243; _address=&#8221;1.0.1&#8243;][et_pb_text _builder_version=&#8221;3.26.6&#8243; _i=&#8221;0&#8243; _address=&#8221;1.0.1.0&#8243;]<\/p>\n<div class=\"et_pb_module et_pb_text et_pb_text_1 et_pb_bg_layout_light  et_pb_text_align_left\">\n<p><span style=\"color: #333333; font-size: 30px;\">Politique de confidentialit\u00e9<\/span><\/p>\n<div class=\"et_pb_text_inner\">\n<p>&nbsp;<\/p>\n<div class=\"entry-content\">\n<p><span style=\"color: #333333; font-size: 18px;\">Utilisation des donn\u00e9es personnelles collect\u00e9es<\/span><\/p>\n<p><span style=\"color: #333333; font-size: 22px;\">Formulaires de contact \/\u00a0<\/span><span style=\"color: #333333; font-size: 22px;\">Cookies<\/span><\/p>\n<p>Si vous d\u00e9posez un commentaire sur notre site, il vous sera propos\u00e9 d\u2019enregistrer votre nom, adresse de messagerie et site web dans des cookies. C\u2019est uniquement pour votre confort afin de ne pas avoir \u00e0 saisir ces informations si vous d\u00e9posez un autre commentaire plus tard. Ces cookies expirent au bout d\u2019un an.<\/p>\n<p>Si vous avez un compte et que vous vous connectez sur ce site, un cookie temporaire sera cr\u00e9\u00e9 afin de d\u00e9terminer si votre navigateur accepte les cookies. Il ne contient pas de donn\u00e9es personnelles et sera supprim\u00e9 automatiquement \u00e0 la fermeture de votre navigateur.<\/p>\n<p>Lorsque vous vous connecterez, nous mettrons en place un certain nombre de cookies pour enregistrer vos informations de connexion et vos pr\u00e9f\u00e9rences d\u2019\u00e9cran. La dur\u00e9e de vie d\u2019un cookie de connexion est de deux jours, celle d\u2019un cookie d\u2019option d\u2019\u00e9cran est d\u2019un an. Si vous cochez \u00ab\u00a0Se souvenir de moi\u00a0\u00bb, votre cookie de connexion sera conserv\u00e9 pendant deux semaines. Si vous vous d\u00e9connectez de votre compte, le cookie de connexion sera effac\u00e9.<\/p>\n<p>En modifiant ou en publiant un article, un cookie suppl\u00e9mentaire sera enregistr\u00e9 dans votre navigateur. Ce cookie ne comprend aucune donn\u00e9e personnelle. Il indique simplement l\u2019identifiant de l\u2019article que vous venez de modifier. Il expire au bout d\u2019un jour.<\/p>\n<h3>Contenu embarqu\u00e9 depuis d\u2019autres sites<\/h3>\n<p>Les articles de ce site peuvent inclure des contenus int\u00e9gr\u00e9s (par exemple des vid\u00e9os, images, articles\u2026). Le contenu int\u00e9gr\u00e9 depuis d\u2019autres sites se comporte de la m\u00eame mani\u00e8re que si le visiteur se rendait sur cet autre site.<\/p>\n<p>Ces sites web pourraient collecter des donn\u00e9es sur vous, utiliser des cookies, embarquer des outils de suivis tiers, suivre vos interactions avec ces contenus embarqu\u00e9s si vous disposez d\u2019un compte connect\u00e9 sur leur site web.<\/p>\n<h3>Statistiques et mesures d\u2019audience<\/h3>\n<h2>Utilisation et transmission de vos donn\u00e9es personnelles<\/h2>\n<h2>Dur\u00e9es de stockage de vos donn\u00e9es<\/h2>\n<p>Si vous laissez un commentaire, le commentaire et ses m\u00e9tadonn\u00e9es sont conserv\u00e9s ind\u00e9finiment. Cela permet de reconna\u00eetre et approuver automatiquement les commentaires suivants au lieu de les laisser dans la file de mod\u00e9ration.<\/p>\n<p>Pour les utilisateurs et utilisatrices qui s\u2019enregistrent sur notre site (si cela est possible), nous stockons \u00e9galement les donn\u00e9es personnelles indiqu\u00e9es dans leur profil. Tous les utilisateurs et utilisatrices peuvent voir, modifier ou supprimer leurs informations personnelles \u00e0 tout moment (\u00e0 l\u2019exception de leur nom d\u2019utilisateur\u00b7ice). Les gestionnaires du site peuvent aussi voir et modifier ces informations.<\/p>\n<h2>Transmission de vos donn\u00e9es personnelles<\/h2>\n<p>Les commentaires des visiteurs peuvent \u00eatre v\u00e9rifi\u00e9s \u00e0 l\u2019aide d\u2019un service automatis\u00e9 de d\u00e9tection des commentaires ind\u00e9sirables.<\/p>\n<p><span style=\"color: #333333; font-size: 26px;\">Informations suppl\u00e9mentaires<\/span><\/p>\n<h3>Comment nous prot\u00e9geons vos donn\u00e9es<\/h3>\n<p>Vos donn\u00e9es sont chiffr\u00e9s via un certificat SSL\u00a0<\/p>\n<h3>Proc\u00e9dures mises en \u0153uvre en cas de fuite de donn\u00e9es<\/h3>\n<p>En cas de fuite de donn\u00e9es, les visiteurs et clients du site seront pr\u00e9venus par email et les mots de passe de tous les comptes utilisateurs seront r\u00e9initialis\u00e9s.<\/p>\n<p>&nbsp;<\/p>\n<h2>Cr\u00e9dit photos<\/h2>\n<p>Pour les photos, de haut en bas :<br \/><span style=\"font-size: 14px;\">Shanghai : \u00a9Photo par S\u0142awomir Kowalewski\u00a0de\u00a0Pixabay<\/span><span style=\"font-size: 14px;\">\u00a0<br \/><\/span><span style=\"font-size: 14px;\">Paris : \u00a9Photo par stevanzz &#8211; stock.adobe.com<br \/><\/span><span style=\"font-size: 14px;\">Hong khong: \u00a9 Photo par DEZALB sur Pixbay<br \/><\/span><span style=\"font-size: 14px;\">Londres :\u00a0\u00a9Photo par dade72 &#8211; stock.adobe.com<br \/><\/span><span style=\"font-size: 14px;\">Portrait de\u00a0<\/span><span style=\"font-size: 14px;\">Christina Xiaoqun BEAUFILS :\u00a0\u00a0\u00a9Photo par <a href=\"http:\/\/www.mara-mazzanti.com\">Mara Mazzanti<\/a><\/span><\/p>\n<p><span><\/span><\/p>\n<p><span><\/span><\/p>\n<p>&nbsp;<\/p>\n<p><strong>\u00a0<\/strong><\/p>\n<\/div>\n<\/div>\n<\/div>\n<p>[\/et_pb_text][\/et_pb_column][\/et_pb_row][\/et_pb_section]<\/p>\n","protected":false},"excerpt":{"rendered":"<p>Mentions l\u00e9gales 1. Pr\u00e9sentation du site :Conform\u00e9ment aux dispositions des articles 6-III et 19 de la Loi n\u00b0 2004-575 du 21 juin 2004 pour la Confiance dans l\u2019\u00e9conomie num\u00e9rique, dite L.C.E.N., nous portons \u00e0 la connaissance des utilisateurs et visiteurs du site : cebaconsulting.com\u00a0les informations suivantes\u00a0 Informations l\u00e9gales :Statut du propri\u00e9taire :\u00a0Soci\u00e9t\u00e9 par actions simplifi\u00e9e [&hellip;]<\/p>\n","protected":false},"author":1,"featured_media":0,"parent":0,"menu_order":0,"comment_status":"closed","ping_status":"closed","template":"page-template-blank.php","meta":{"_et_pb_use_builder":"on","_et_pb_old_content":"","_et_gb_content_width":""},"_links":{"self":[{"href":"https:\/\/www.cebaconsulting.com\/index.php\/wp-json\/wp\/v2\/pages\/604"}],"collection":[{"href":"https:\/\/www.cebaconsulting.com\/index.php\/wp-json\/wp\/v2\/pages"}],"about":[{"href":"https:\/\/www.cebaconsulting.com\/index.php\/wp-json\/wp\/v2\/types\/page"}],"author":[{"embeddable":true,"href":"https:\/\/www.cebaconsulting.com\/index.php\/wp-json\/wp\/v2\/users\/1"}],"replies":[{"embeddable":true,"href":"https:\/\/www.cebaconsulting.com\/index.php\/wp-json\/wp\/v2\/comments?post=604"}],"version-history":[{"count":36,"href":"https:\/\/www.cebaconsulting.com\/index.php\/wp-json\/wp\/v2\/pages\/604\/revisions"}],"predecessor-version":[{"id":1148,"href":"https:\/\/www.cebaconsulting.com\/index.php\/wp-json\/wp\/v2\/pages\/604\/revisions\/1148"}],"wp:attachment":[{"href":"https:\/\/www.cebaconsulting.com\/index.php\/wp-json\/wp\/v2\/media?parent=604"}],"curies":[{"name":"wp","href":"https:\/\/api.w.org\/{rel}","templated":true}]}}